{"id":24,"date":"2025-08-20T13:20:06","date_gmt":"2025-08-20T13:20:06","guid":{"rendered":"https:\/\/brecon.questo.nl\/?page_id=24"},"modified":"2025-10-31T13:41:25","modified_gmt":"2025-10-31T13:41:25","slug":"pp4ce","status":"publish","type":"page","link":"https:\/\/www.brecon.nl\/de\/pp4ce\/","title":{"rendered":"PP4CE"},"content":{"rendered":"<section class=\"l-section wpb_row height_medium\"><div class=\"l-section-h i-cf\"><div class=\"g-cols vc_row via_grid cols_2 laptops-cols_inherit tablets-cols_inherit mobiles-cols_1 valign_top type_default stacking_default\"><div class=\"wpb_column vc_column_container us_custom_525444dc\"><div class=\"vc_column-inner\"><div class=\"w-separator size_large\"><\/div><h1 class=\"w-text us_custom_a898e9ae has_text_color\"><span class=\"w-text-h\"><span class=\"w-text-value\">PP4CE Allianz<\/span><\/span><\/h1><div class=\"w-separator size_small\"><\/div><div class=\"wpb_text_column\"><div class=\"wpb_wrapper\"><p>Professionelle Partner f\u00fcr kontrollierte Umgebungen \u2018PP4CE\u2019 ist eine strategische Allianz zwischen einer Reihe von professionellen Unternehmen auf dem niederl\u00e4ndischen Reinraummarkt. PP4CE entstand aus der \u00dcberlegung heraus, dass es f\u00fcr Auftraggeber von entscheidender Bedeutung ist, sich w\u00e4hrend des gesamten Reinraum-Bauprozesses, von der Planung bis zur Realisierung, auf zuverl\u00e4ssige Partner verlassen zu k\u00f6nnen. PP4CE ist eine Initiative von Brecon Cleanroom Systems B.V., einem Spezialisten f\u00fcr Reinr\u00e4ume und die Realisierung kompletter \u2018schl\u00fcsselfertiger Reinraum\u2019-Projekte.<\/p>\n<p>Klicken Sie auf diese Schaltfl\u00e4che, um mehr \u00fcber das PP4CE-Konzept und unsere Partner in dieser strategischen Partnerschaft zu erfahren.<\/p>\n<\/div><\/div><div class=\"w-separator size_small\"><\/div><div class=\"w-btn-wrapper align_none\"><a class=\"w-btn us-btn-style_1\" target=\"_blank\" href=\"https:\/\/www.pp4ce.com\/nl\/\"><span class=\"w-btn-label\">Besuchen Sie PP4CE<\/span><\/a><\/div><\/div><\/div><div class=\"wpb_column vc_column_container\"><div class=\"vc_column-inner\"><div class=\"w-image has_ratio align_none\"><div class=\"w-image-h\"><div style=\"padding-bottom:100%\"><\/div><img decoding=\"async\" class=\"g-placeholder\" src=\"https:\/\/www.brecon.nl\/wp-content\/plugins\/us-core\/assets\/images\/placeholder.svg\" width=\"\" height=\"\" alt><\/div><\/div><\/div><\/div><\/div><\/div><\/section><section class=\"l-section wpb_row height_auto width_full\"><div class=\"l-section-h i-cf\"><div class=\"g-cols vc_row via_grid cols_1 laptops-cols_inherit tablets-cols_inherit mobiles-cols_1 valign_top type_default stacking_default\"><div class=\"wpb_column vc_column_container\"><div class=\"vc_column-inner\"><section class=\"l-section wpb_row us_custom_2d1c4e0e height_medium\"><div class=\"l-section-h i-cf\"><div class=\"g-cols vc_row via_grid cols_2 laptops-cols_inherit tablets-cols_inherit mobiles-cols_1 valign_top type_default stacking_default\"><div class=\"wpb_column vc_column_container\"><div class=\"vc_column-inner\"><h2 class=\"w-text us_custom_7310ac9f has_text_color\"><span class=\"w-text-h\"><span class=\"w-text-value\">Wir sind immer erreichbar.<\/span><\/span><\/h2><\/div><\/div><div class=\"wpb_column vc_column_container\"><div class=\"vc_column-inner\"><div class=\"wpb_text_column us_custom_b860ca69 has_text_color\"><div class=\"wpb_wrapper\"><p>Unser Ziel ist es, unsere Kunden zu entlasten.<br \/>\nZ\u00f6gern Sie nicht und lassen Sie uns wissen, wie wir Ihnen behilflich sein k\u00f6nnen!<\/p>\n<\/div><\/div><div class=\"w-separator size_medium\"><\/div><div class=\"w-btn-wrapper align_none\"><a class=\"w-btn us-btn-style_5\" href=\"\/de\/kontakt\/\"><span class=\"w-btn-label\">Direkter Kontakt<\/span><\/a><\/div><div class=\"w-btn-wrapper align_none\"><a class=\"w-btn us-btn-style_3\" target=\"_blank\" href=\"https:\/\/maps.app.goo.gl\/vGzF745BWVMdqyYz9\"><span class=\"w-btn-label\">Route<\/span><\/a><\/div><\/div><\/div><\/div><\/div><\/section>\n<\/div><\/div><\/div><\/div><\/section>","protected":false},"excerpt":{"rendered":"PP4CE AlliantieProfessional Partners for Controlled Environment \u2018PP4CE\u2019 is een strategische alliantie tussen een aantal professionele bedrijven op de Nederlandse cleanroom markt. PP4CE is ontstaan vanuit de gedachte dat het voor opdrachtgevers van essentieel belang is te kunnen rekenen op betrouwbare partners in het gehele cleanroom bouwproces, van ontwerp tot en met realisatie. PP4CE is een...","protected":false},"author":1,"featured_media":444,"parent":0,"menu_order":0,"comment_status":"closed","ping_status":"closed","template":"","meta":{"_acf_changed":false,"_seopress_robots_primary_cat":"","_seopress_titles_title":"","_seopress_titles_desc":"Professional Partners for Controlled Environment \u2018PP4CE\u2019 is een strategische alliantie tussen een aantal professionele bedrijven op de Nederlandse cleanroom markt.","_seopress_robots_index":"","footnotes":""},"class_list":["post-24","page","type-page","status-publish","has-post-thumbnail","hentry"],"acf":[],"_links":{"self":[{"href":"https:\/\/www.brecon.nl\/de\/wp-json\/wp\/v2\/pages\/24","targetHints":{"allow":["GET"]}}],"collection":[{"href":"https:\/\/www.brecon.nl\/de\/wp-json\/wp\/v2\/pages"}],"about":[{"href":"https:\/\/www.brecon.nl\/de\/wp-json\/wp\/v2\/types\/page"}],"author":[{"embeddable":true,"href":"https:\/\/www.brecon.nl\/de\/wp-json\/wp\/v2\/users\/1"}],"replies":[{"embeddable":true,"href":"https:\/\/www.brecon.nl\/de\/wp-json\/wp\/v2\/comments?post=24"}],"version-history":[{"count":0,"href":"https:\/\/www.brecon.nl\/de\/wp-json\/wp\/v2\/pages\/24\/revisions"}],"wp:featuredmedia":[{"embeddable":true,"href":"https:\/\/www.brecon.nl\/de\/wp-json\/wp\/v2\/media\/444"}],"wp:attachment":[{"href":"https:\/\/www.brecon.nl\/de\/wp-json\/wp\/v2\/media?parent=24"}],"curies":[{"name":"wp","href":"https:\/\/api.w.org\/{rel}","templated":true}]}}