{"id":18,"date":"2025-08-20T13:18:37","date_gmt":"2025-08-20T13:18:37","guid":{"rendered":"https:\/\/brecon.questo.nl\/?page_id=18"},"modified":"2025-11-04T12:36:25","modified_gmt":"2025-11-04T12:36:25","slug":"reinraume-und-laboratorien","status":"publish","type":"page","link":"https:\/\/www.brecon.nl\/de\/activiteiten\/cleanrooms-en-laboratoria\/","title":{"rendered":"Reinr\u00e4ume und Laboratorien"},"content":{"rendered":"<section class=\"l-section wpb_row height_auto\"><div class=\"l-section-overlay\" style=\"background:linear-gradient(155deg, #25336d 0%,#008ccc 30%)\"><\/div><div class=\"l-section-h i-cf\"><div class=\"g-cols vc_row via_grid cols_2 laptops-cols_inherit tablets-cols_inherit mobiles-cols_1 valign_top type_default stacking_default\"><div class=\"wpb_column vc_column_container\"><div class=\"vc_column-inner\"><div class=\"w-separator size_large\"><\/div><p class=\"w-text us_custom_0e9d1153 has_text_color\"><span class=\"w-text-h\"><span class=\"w-text-value\">Aktivit\u00e4ten<\/span><\/span><\/p><div class=\"w-separator size_custom\" style=\"height:0.5rem\"><\/div><h1 class=\"w-text us_custom_12431936 has_text_color\"><span class=\"w-text-h\"><span class=\"w-text-value\">Reinr\u00e4ume und Laboratorien<\/span><\/span><\/h1><div class=\"w-separator size_large\"><\/div><\/div><\/div><div class=\"wpb_column vc_column_container us_custom_faad01c7 has_bg_color stretched\"><div class=\"vc_column-inner\"><\/div><\/div><\/div><\/div><\/section><section class=\"l-section wpb_row height_medium\"><div class=\"l-section-h i-cf\"><div class=\"g-cols vc_row via_grid cols_2 laptops-cols_inherit tablets-cols_inherit mobiles-cols_1 valign_top type_default stacking_default\"><div class=\"wpb_column vc_column_container us_custom_05e00b24\"><div class=\"vc_column-inner\"><div class=\"w-separator size_large\"><\/div><div class=\"wpb_text_column us_custom_1fb8b2dc us_animate_this\"><div class=\"wpb_wrapper\"><p>Brecon Cleanroom Systems B.V. ist Teil der Brecon-Gruppe in Tilburg. Wir haben uns auf den Entwurf und die Realisierung von staub- und keimfreien Reinraum- und Laboreinrichtungen spezialisiert. Dies tun wir f\u00fcr Kunden aus dem Halbleiter- und High-Tech-Sektor mit ISO 14644 klassifizierten Wand- und Deckensystemen einerseits und aus der GMP-bezogenen Life-Cycle-Industrie andererseits. Sowie in GMP-bezogenen Life-Science-Marktsegmenten wie der pharmazeutischen Industrie, dem Gesundheitswesen, der Medizintechnik und der Lebensmittelindustrie, aber auch z.B. f\u00fcr den Bio-Science-Markt.<\/p>\n<p>In unserer Produktpalette k\u00f6nnen Sie sehen, mit welchen Wand- und Deckensystemen wir arbeiten.<\/p>\n<p>Die anderen Gesch\u00e4ftsbereiche vervollst\u00e4ndigen unser Leistungsspektrum vom Aufbau einer URS bis hin zum kompletten Qualifizierungsprozess. Die langj\u00e4hrige Zusammenarbeit mit renommierten Maschinenbaupartnern wie Kuijpers, ABN cleanroom technology und EQUANS u.a. erm\u00f6glicht es uns, schl\u00fcsselfertige Projekte anzubieten.<\/p>\n<p>Unsere langj\u00e4hrige Erfahrung und unser breites Know-how garantieren innovative (schl\u00fcsselfertige) L\u00f6sungen, die alle Anforderungen, Normen, Vorschriften und Voraussetzungen bis ins Detail erf\u00fcllen.<\/p>\n<p>Unsere Produktionsst\u00e4tte besteht aus einer gro\u00dfen S\u00e4geabteilung, der Abteilung mit unseren CNC-Maschinen und einer Abteilung, in der T\u00fcren und Glasscheiben hergestellt werden.<\/p>\n<\/div><\/div><\/div><\/div><div class=\"wpb_column vc_column_container stretched\"><div class=\"vc_column-inner\"><div class=\"w-image us_custom_ff13c409 us_animate_this has_ratio align_none\"><div class=\"w-image-h\"><div style=\"padding-bottom:100%\"><\/div><img decoding=\"async\" class=\"g-placeholder\" src=\"https:\/\/www.brecon.nl\/wp-content\/plugins\/us-core\/assets\/images\/placeholder.svg\" width=\"\" height=\"\" alt><\/div><\/div><\/div><\/div><\/div><\/div><\/section><section class=\"l-section wpb_row height_medium\"><div class=\"l-section-h i-cf\"><div class=\"g-cols vc_row via_grid cols_2 laptops-cols_inherit tablets-cols_inherit mobiles-cols_1 valign_top type_default reversed stacking_default\"><div class=\"wpb_column vc_column_container stretched\"><div class=\"vc_column-inner\"><div class=\"w-image us_custom_67cecdea us_animate_this has_ratio align_none\"><div class=\"w-image-h\"><div style=\"padding-bottom:100%\"><\/div><img decoding=\"async\" width=\"1600\" height=\"1600\" src=\"https:\/\/www.brecon.nl\/wp-content\/uploads\/2025\/11\/brecon-cleanrooms.jpg\" class=\"attachment-full size-full\" alt=\"\" loading=\"lazy\" \/><\/div><\/div><\/div><\/div><div class=\"wpb_column vc_column_container us_custom_05e00b24\"><div class=\"vc_column-inner\"><div class=\"w-separator hide_on_mobiles size_large\"><\/div><div class=\"wpb_text_column us_custom_3683a75f us_animate_this\"><div class=\"wpb_wrapper\"><p>Ein gro\u00dfes Lager mit einem gro\u00dfen Vorrat an Aluminiumprofilen, verschiedenen Plattenmaterialien und anderen Produkten und Ausr\u00fcstungen garantiert hohe Qualit\u00e4t, Schnelligkeit und Flexibilit\u00e4t!<\/p>\n<p>Bei Bedarf stellen wir mit Hilfe der 3D-Technologie spezielle POM*-Teile zur Abdichtung von \u00d6ffnungen in Bauelementen her. Au\u00dferdem verf\u00fcgen wir \u00fcber eine moderne Waschstra\u00dfe, um unser Flachglas v\u00f6llig fleckenfrei zu Isolierglasscheiben zu verarbeiten.<\/p>\n<p>Ein geschultes und gut ausgebildetes Mitarbeiterteam und die kontinuierliche Durchf\u00fchrung einer angemessenen Qualit\u00e4tskontrolle sorgen f\u00fcr einen \u2018schlanken\u2019 Prozess und unterst\u00fctzen die Montage am Projekt mit einer kontinuierlichen Versorgung mit den richtigen Bauelementen.<\/p>\n<p>* auch bekannt als Polyoxymethylen oder Polycetal<\/p>\n<\/div><\/div><\/div><\/div><\/div><\/div><\/section><section class=\"l-section wpb_row height_auto width_full\"><div class=\"l-section-h i-cf\"><div class=\"g-cols vc_row via_grid cols_1 laptops-cols_inherit tablets-cols_inherit mobiles-cols_1 valign_top type_default stacking_default\"><div class=\"wpb_column vc_column_container\"><div class=\"vc_column-inner\"><section class=\"l-section wpb_row us_custom_2d1c4e0e height_medium\"><div class=\"l-section-h i-cf\"><div class=\"g-cols vc_row via_grid cols_2 laptops-cols_inherit tablets-cols_inherit mobiles-cols_1 valign_top type_default stacking_default\"><div class=\"wpb_column vc_column_container\"><div class=\"vc_column-inner\"><h2 class=\"w-text us_custom_7310ac9f has_text_color\"><span class=\"w-text-h\"><span class=\"w-text-value\">Wir sind immer erreichbar.<\/span><\/span><\/h2><\/div><\/div><div class=\"wpb_column vc_column_container\"><div class=\"vc_column-inner\"><div class=\"wpb_text_column us_custom_b860ca69 has_text_color\"><div class=\"wpb_wrapper\"><p>Unser Ziel ist es, unsere Kunden zu entlasten.<br \/>\nZ\u00f6gern Sie nicht und lassen Sie uns wissen, wie wir Ihnen behilflich sein k\u00f6nnen!<\/p>\n<\/div><\/div><div class=\"w-separator size_medium\"><\/div><div class=\"w-btn-wrapper align_none\"><a class=\"w-btn us-btn-style_5\" href=\"\/de\/kontakt\/\"><span class=\"w-btn-label\">Direkter Kontakt<\/span><\/a><\/div><div class=\"w-btn-wrapper align_none\"><a class=\"w-btn us-btn-style_3\" target=\"_blank\" href=\"https:\/\/maps.app.goo.gl\/vGzF745BWVMdqyYz9\"><span class=\"w-btn-label\">Route<\/span><\/a><\/div><\/div><\/div><\/div><\/div><\/section>\n<\/div><\/div><\/div><\/div><\/section>","protected":false},"excerpt":{"rendered":"ActiviteitenCleanrooms en laboratoriaBrecon Cleanroom Systems B.V. maakt onderdeel uit van de Brecon Group in Tilburg. Wij zijn gespecialiseerd in het ontwerpen en realiseren van stof-arme en kiemvrije cleanroom en laboratoria faciliteiten. Dat doen we voor opdrachtgevers o.a. in de semi-conductor en hightech sector met ISO 14644 geclassificeerde wand- en plafondsystemen enerzijds. Alsook in de GMP...","protected":false},"author":1,"featured_media":1743,"parent":16,"menu_order":0,"comment_status":"closed","ping_status":"closed","template":"","meta":{"_acf_changed":false,"_seopress_robots_primary_cat":"","_seopress_titles_title":"","_seopress_titles_desc":"Brecon Cleanroom Systems B.V. maakt onderdeel uit van de Brecon Group in Tilburg. Wij zijn gespecialiseerd in het ontwerpen en realiseren van stof-arme en kiemvrije cleanroom en laboratoria faciliteiten.","_seopress_robots_index":"","footnotes":""},"class_list":["post-18","page","type-page","status-publish","has-post-thumbnail","hentry"],"acf":[],"_links":{"self":[{"href":"https:\/\/www.brecon.nl\/de\/wp-json\/wp\/v2\/pages\/18","targetHints":{"allow":["GET"]}}],"collection":[{"href":"https:\/\/www.brecon.nl\/de\/wp-json\/wp\/v2\/pages"}],"about":[{"href":"https:\/\/www.brecon.nl\/de\/wp-json\/wp\/v2\/types\/page"}],"author":[{"embeddable":true,"href":"https:\/\/www.brecon.nl\/de\/wp-json\/wp\/v2\/users\/1"}],"replies":[{"embeddable":true,"href":"https:\/\/www.brecon.nl\/de\/wp-json\/wp\/v2\/comments?post=18"}],"version-history":[{"count":0,"href":"https:\/\/www.brecon.nl\/de\/wp-json\/wp\/v2\/pages\/18\/revisions"}],"up":[{"embeddable":true,"href":"https:\/\/www.brecon.nl\/de\/wp-json\/wp\/v2\/pages\/16"}],"wp:featuredmedia":[{"embeddable":true,"href":"https:\/\/www.brecon.nl\/de\/wp-json\/wp\/v2\/media\/1743"}],"wp:attachment":[{"href":"https:\/\/www.brecon.nl\/de\/wp-json\/wp\/v2\/media?parent=18"}],"curies":[{"name":"wp","href":"https:\/\/api.w.org\/{rel}","templated":true}]}}